{"id":1899,"date":"2016-08-16T22:24:19","date_gmt":"2016-08-16T20:24:19","guid":{"rendered":"http:\/\/www.jazzminonline.de\/?page_id=1899"},"modified":"2024-10-23T22:10:47","modified_gmt":"2024-10-23T20:10:47","slug":"cds","status":"publish","type":"page","link":"https:\/\/www.jazzminonline.de\/en\/cds\/","title":{"rendered":"CDs"},"content":{"rendered":"<p><img loading=\"lazy\" decoding=\"async\" class=\"wp-image-2799 aligncenter\" src=\"https:\/\/www.jazzminonline.de\/wp-content\/uploads\/2024\/10\/Cover-Jasmin-Bayer-Highres-scaled.jpg\" alt=\"\" width=\"314\" height=\"289\" \/><\/p>\n<h2 style=\"text-align: center;\"><span style=\"color: #ddd; font-weight: 900;\">Jasmin Bayer<\/span><\/h2>\n<h2 style=\"text-align: center;\"><span style=\"color: #ddd;\">* Poetic License *<\/span><\/h2>\n<p style=\"text-align: center;\">Jasmin Bayer * vocals<br \/>\nDavide Roberts * piano, arrangements<br \/>\nMarkus Wagner * bass<br \/>\nHajo von Hadeln * drums<br \/>\nFlorian Brandl * trumpet, flugelhorn<\/p>\n<h4 style=\"text-align: center;\"><span style=\"color: #ddd; font-weight: 300;\"><a href=\"https:\/\/timezonerecords.lnk.to\/poeticlicense\" target=\"_blank\" rel=\"noopener noreferrer\"><strong>Poetic License on all streaming platforms<\/strong><\/a><\/span><\/h4>\n<p>1. Goldeneye 7:11 * 2. Together 4:36 * 3. Poetic License 4:58 * 4. Rise Like A Phoenix 7:06 * 5. The Jazz Express 4:56 * 6. Embraceable You 4:56 * 7. Happy Talk 5:18 * 8. Strangers In The Night 4:24 * 9. I Play My Cards Right 6:14 * 10. Moonraker 5:48 * 11. All Roads Lead To Rome 4:21 * 12. Kill &#8217;em With Kindness 4:43 * 13. All Over Again 5:35 * 14. Thunderball 4:12<\/p>\n<p><strong>Product information<\/strong><br \/>\ntba<\/p>\n<p>&nbsp;<\/p>\n<p>&nbsp;<\/p>\n<p><img loading=\"lazy\" decoding=\"async\" class=\"wp-image-2799 aligncenter\" src=\"http:\/\/www.jazzminonline.de\/wp-content\/uploads\/2021\/11\/merry-christmas-baby.jpeg\" alt=\"\" width=\"314\" height=\"289\" \/><\/p>\n<h2 style=\"text-align: center;\"><span style=\"color: #ddd; font-weight: 900;\">Jasmin Bayer<\/span><\/h2>\n<h2 style=\"text-align: center;\"><span style=\"color: #ddd;\">* Merry Christmas Baby *<\/span><\/h2>\n<p style=\"text-align: center;\">Jasmin Bayer * vocal<br \/>\nDavide Roberts * piano, arrangements<br \/>\nMarkus Wagner * bass<br \/>\nChristos Asonitis * drums, percussion<br \/>\nFlorian Brandl * trumpet, flugelhorn<br \/>\nGuest: Max Braun * soprano and tenor saxophone, clarinet<\/p>\n<p><a href=\"https:\/\/timezonerecords.lnk.to\/merrychristmasbaby\" target=\"_blank\" rel=\"noopener noreferrer\">Jasmin Bayer \u2013 Merry Christmas Baby on all streaming platforms<\/a><\/p>\n<p>1. Rudolph The Red-Nosed Reindeer 3:44 * 2. I\u2018ll Be Home For Christmas 4:21 * 3. Merry Christmas Baby 4:59 * 4. Sleigh Ride 4:11 * 5. The Christmas Song 4:46 * 6. My Favorite Things 5:09 * 7. Blue Christmas 4:44 * 8. Let It Snow 4:33 * 9. Have Yourself A Merry Little Christmas 4:17 * 10. The Christmas Waltz 3:44 * 11. Christmas Time Is Here 4:26 * 12. Winter Wonderland 4:26 * 13. A Child Is Born 3:49 * 14. Mary\u2018s Boy Child 3:52 * 15. Jingle Bells 3:34 * 16. It\u2018s Beginning To Look A Lot Like Christmas 3:14 * 17. Away In A Manger 4:32<\/p>\n<p><strong>Product information<\/strong><br \/>\n\u201eMERRY CHRISTMAS BABY\u201c enth\u00e4lt 17 sehr unterschiedliche Weihnachtslieder mit ganz verschiedenen Stimmungen, die die pers\u00f6nlichen Weihnachtsgef\u00fchle von Jasmin Bayer widerspiegeln. \u201eWir haben jede Menge Gef\u00fchle, die das Weihnachtsthema ausl\u00f6st, zusammengetragen und musikalisch umgesetzt. So kann man unsere Musik gen\u00fcsslich verkosten wie ein exquisites Weihnachtsmen\u00fc!\u201c sagt sie. Mit ihrer ausdrucksstarken und bluesigen Stimme und dem feinen Gesp\u00fcr f\u00fcr Jazz ist sie mit ihrer Band in der Lage, verschiedene Genres zu mischen. Dabei entsteht eine ganz besondere und originelle Farbe, die zu ihrem eigenen Sound geworden ist. Im Studio ist ein starkes Feeling entstanden, das sich wie ein gro\u00dfer Fluss aus unterschiedlichsten Gew\u00e4ssern speist, Elemente von Blues bis Soul, Jazz, Latin und Pop birgt und zu einem homogenen Gef\u00fcge verbindet. Die Bandbreite reicht von sehnsuchtsvollen Jazzballaden wie \u201eThe Christmas Song\u201c, rassigem Latingroove \u201eLet It Snow\u201c, sexy-bluesigem \u201eBlue Christmas\u201c bis \u201eSleigh Ride\u201c, das swingt und einen nicht still sitzen l\u00e4sst. Die Platte klingt mit dem sph\u00e4risch interpretierten traditionellen Christmas Carol \u201eAway In A Manger\u201c auf sanfteste Weise aus. \u201eAlles drauf, was musikalisch am Ende das Jahres Spa\u00df macht!\u201c meint Jasmin Bayer augenzwinkernd.<\/p>\n<p>&nbsp;<\/p>\n<p>&nbsp;<\/p>\n<p><img loading=\"lazy\" decoding=\"async\" class=\"wp-image-2799 aligncenter\" src=\"http:\/\/www.jazzminonline.de\/wp-content\/uploads\/2018\/09\/Green_Unicorn_Cover.jpg\" alt=\"Green_Unicorn_Cover\" width=\"314\" height=\"289\" \/><\/p>\n<h2 style=\"text-align: center;\"><span style=\"color: #ddd; font-weight: 900;\">Jasmin Bayer<\/span><\/h2>\n<h2 style=\"text-align: center;\"><span style=\"color: #ddd;\">* The Green Unicorn *<\/span><\/h2>\n<p style=\"text-align: center;\">Jasmin Bayer * vocal<br \/>\nDavide Roberts * piano<br \/>\nMarkus Wagner * bass<br \/>\nChristos Asonitis * drums<br \/>\nC\u00e9line Bonacina * bars<br \/>\nAxel Schlosser * tp\/flh<\/p>\n<p><a href=\"https:\/\/itunes.apple.com\/de\/album\/the-green-unicorn\/1441510052\" target=\"_blank\" rel=\"noopener noreferrer\">Jasmin Bayer \u2013 The Green Unicorn on iTunes<\/a><\/p>\n<p><a href=\"https:\/\/open.spotify.com\/artist\/6AeJKqncmU43ar2jrRtDCh\" target=\"_blank\" rel=\"noopener noreferrer\">Jasmin Bayer \u2013 The Green Unicorn on Spotify<\/a><\/p>\n<p>1. Calling You (by\u00a0Bob\u00a0Telson) 5:46 * 2. The Garments Of Our Souls 5:26 * 3. Blindfold Me 6:07 * 4. The Green Unicorn 4:06 * 5. Diamonds Are\u00a0Forever (by John Barry \/ Don Black) 5:07 * 6. Pimp It Up 4:12 * 7. Let\u2019s Make That Change Together 3:38 * 8. Pale Side Of The Moon 5:00 * 9. Honest Guy 5:52 * 10. Are You Lonesome Tonight (Lou Handman) 4:26 *<br \/>\n<em>All lyrics by Jasmin Bayer, all compositions by Jasmin Bayer\/Davide Roberts except (1,5,10)<\/em><\/p>\n<p>&nbsp;<\/p>\n<p>&nbsp;<\/p>\n<p><img loading=\"lazy\" decoding=\"async\" class=\"aligncenter size-full wp-image-1914\" src=\"http:\/\/www.jazzminonline.de\/wp-content\/uploads\/2016\/08\/Summer_Melodies_Cover.jpg\" alt=\"Summer_Melodies_Cover\" width=\"280\" height=\"280\" srcset=\"https:\/\/www.jazzminonline.de\/wp-content\/uploads\/2016\/08\/Summer_Melodies_Cover.jpg 280w, https:\/\/www.jazzminonline.de\/wp-content\/uploads\/2016\/08\/Summer_Melodies_Cover-150x150.jpg 150w\" sizes=\"auto, (max-width: 280px) 100vw, 280px\" \/><\/p>\n<h2 style=\"text-align: center;\"><span style=\"color: #ddd; font-weight: 900;\">Jasmin Bayer<\/span><\/h2>\n<h2 style=\"text-align: center;\"><span style=\"color: #ddd;\">*\u00a0Summer Melodies *<\/span><\/h2>\n<p style=\"text-align: center;\">Jasmin Bayer * vocal<br \/>\nPeter Tuscher * trumpet, fluegelhorn<br \/>\nDavide Roberts * piano<br \/>\nChris Lachotta * bass<br \/>\nChristos Asonitis * drums<\/p>\n<p><a href=\"https:\/\/open.spotify.com\/artist\/6AeJKqncmU43ar2jrRtDCh?si=U4FaPHapSwKp9KuX99YMOw\" target=\"_blank\" rel=\"noopener noreferrer\">Jasmin Bayer &#8211; Summer Melodies on Spotify<\/a><\/p>\n<p><a href=\"https:\/\/www.amazon.de\/gp\/product\/B01DLC55VM\/ref=as_li_tl?ie=UTF8&amp;camp=1638&amp;creative=6742&amp;creativeASIN=B01DLC55VM&amp;linkCode=as2&amp;tag=abojaz-21\" target=\"_blank\" rel=\"noopener noreferrer\">Jasmin Bayer &#8211; Summer Melodies on Amazon<\/a><\/p>\n<p>1. The Very Thought Of You (Ray Noble) 2:41 * 2. Summer Melodies 4:43 * 3. You Sold Me Down The River 4:01 * 4. There Is No Greater Love (Isham Jones\/Marty Symes) 4:06 * 5. Nature Boy (Eden Ahbez) 7:57 * 6. No Use Lying To A Liar 4:48 * 7. Mona Lisa (Livingston\/Evans) 3:47 * 8. Her Passion Is Chemistry 4:14 * 9. Goldfinger (John Barry\/Leslie Bricusse\/Anthony Newley) 4:18 * 10. That\u2019s Clear 4:11 * 11. Endeavour 5:19 * 12. Come Share This Minute 4:23<br \/>\n<em>All lyrics by Jasmin Bayer, all compositions by Jasmin Bayer\/Davide Roberts except (1,4,5,7,9)<\/em><\/p>","protected":false},"excerpt":{"rendered":"<p>Jasmin Bayer * Poetic License * Jasmin Bayer * vocals Davide Roberts * piano, arrangements Markus Wagner * bass Hajo &hellip; <a href=\"https:\/\/www.jazzminonline.de\/en\/cds\/\" class=\"more-link\">Continue reading <span class=\"screen-reader-text\">CDs<\/span><\/a><\/p>\n","protected":false},"author":4,"featured_media":0,"parent":0,"menu_order":0,"comment_status":"closed","ping_status":"closed","template":"","meta":{"footnotes":""},"class_list":["post-1899","page","type-page","status-publish","hentry"],"yoast_head":"<!-- This site is optimized with the Yoast SEO plugin v27.4 - https:\/\/yoast.com\/product\/yoast-seo-wordpress\/ -->\n<title><\/title>\n<meta name=\"description\" content=\"{:de}Jasmin Bayer: Die Jazz-S\u00e4ngerin, Komponistin und Sontexterin aus M\u00fcnchen zelebriert Straight Ahead Jazz at its best. Ihre neue CD stellt sie hier vor.{:}\" \/>\n<meta name=\"robots\" content=\"index, follow, max-snippet:-1, max-image-preview:large, max-video-preview:-1\" \/>\n<link rel=\"canonical\" href=\"https:\/\/www.jazzminonline.de\/cds\/\" \/>\n<meta property=\"og:locale\" content=\"en_US\" \/>\n<meta property=\"og:type\" content=\"article\" \/>\n<meta property=\"og:title\" content=\"[:de]Jasmin Bayer - CDs[:]\" \/>\n<meta property=\"og:description\" content=\"{:de}Jasmin Bayer: Die Jazz-S\u00e4ngerin, Komponistin und Sontexterin aus M\u00fcnchen zelebriert Straight Ahead Jazz at its best. Ihre neue CD stellt sie hier vor.{:}\" \/>\n<meta property=\"og:url\" content=\"https:\/\/www.jazzminonline.de\/cds\/\" \/>\n<meta property=\"og:site_name\" content=\"Jasmin Bayer\" \/>\n<meta property=\"article:modified_time\" content=\"2024-10-23T20:10:47+00:00\" \/>\n<meta name=\"twitter:card\" content=\"summary_large_image\" \/>\n<meta name=\"twitter:label1\" content=\"Est. reading time\" \/>\n\t<meta name=\"twitter:data1\" content=\"5 minutes\" \/>\n<script type=\"application\/ld+json\" class=\"yoast-schema-graph\">{\"@context\":\"https:\\\/\\\/schema.org\",\"@graph\":[{\"@type\":\"WebPage\",\"@id\":\"https:\\\/\\\/www.jazzminonline.de\\\/cds\\\/\",\"url\":\"https:\\\/\\\/www.jazzminonline.de\\\/cds\\\/\",\"name\":\"[:de]Jasmin Bayer - CDs[:]\",\"isPartOf\":{\"@id\":\"https:\\\/\\\/www.jazzminonline.de\\\/en\\\/#website\"},\"primaryImageOfPage\":{\"@id\":\"https:\\\/\\\/www.jazzminonline.de\\\/cds\\\/#primaryimage\"},\"image\":{\"@id\":\"https:\\\/\\\/www.jazzminonline.de\\\/cds\\\/#primaryimage\"},\"thumbnailUrl\":\"https:\\\/\\\/www.jazzminonline.de\\\/wp-content\\\/uploads\\\/2024\\\/10\\\/Cover-Jasmin-Bayer-Highres-scaled.jpg\",\"datePublished\":\"2016-08-16T20:24:19+00:00\",\"dateModified\":\"2024-10-23T20:10:47+00:00\",\"description\":\"{:de}Jasmin Bayer: Die Jazz-S\u00e4ngerin, Komponistin und Sontexterin aus M\u00fcnchen zelebriert Straight Ahead Jazz at its best. Ihre neue CD stellt sie hier vor.{:}\",\"breadcrumb\":{\"@id\":\"https:\\\/\\\/www.jazzminonline.de\\\/cds\\\/#breadcrumb\"},\"inLanguage\":\"en-US\",\"potentialAction\":[{\"@type\":\"ReadAction\",\"target\":[\"https:\\\/\\\/www.jazzminonline.de\\\/cds\\\/\"]}]},{\"@type\":\"ImageObject\",\"inLanguage\":\"en-US\",\"@id\":\"https:\\\/\\\/www.jazzminonline.de\\\/cds\\\/#primaryimage\",\"url\":\"https:\\\/\\\/www.jazzminonline.de\\\/wp-content\\\/uploads\\\/2024\\\/10\\\/Cover-Jasmin-Bayer-Highres-scaled.jpg\",\"contentUrl\":\"https:\\\/\\\/www.jazzminonline.de\\\/wp-content\\\/uploads\\\/2024\\\/10\\\/Cover-Jasmin-Bayer-Highres-scaled.jpg\"},{\"@type\":\"BreadcrumbList\",\"@id\":\"https:\\\/\\\/www.jazzminonline.de\\\/cds\\\/#breadcrumb\",\"itemListElement\":[{\"@type\":\"ListItem\",\"position\":1,\"name\":\"Startseite\",\"item\":\"https:\\\/\\\/www.jazzminonline.de\\\/en\\\/\"},{\"@type\":\"ListItem\",\"position\":2,\"name\":\"CDs\"}]},{\"@type\":\"WebSite\",\"@id\":\"https:\\\/\\\/www.jazzminonline.de\\\/en\\\/#website\",\"url\":\"https:\\\/\\\/www.jazzminonline.de\\\/en\\\/\",\"name\":\"Jasmin Bayer\",\"description\":\"\",\"potentialAction\":[{\"@type\":\"SearchAction\",\"target\":{\"@type\":\"EntryPoint\",\"urlTemplate\":\"https:\\\/\\\/www.jazzminonline.de\\\/en\\\/?s={search_term_string}\"},\"query-input\":{\"@type\":\"PropertyValueSpecification\",\"valueRequired\":true,\"valueName\":\"search_term_string\"}}],\"inLanguage\":\"en-US\"}]}<\/script>\n<!-- \/ Yoast SEO plugin. -->","yoast_head_json":{"title":"[:de]Jasmin Bayer - CDs[:]","description":"{:de}Jasmin Bayer: Die Jazz-S\u00e4ngerin, Komponistin und Sontexterin aus M\u00fcnchen zelebriert Straight Ahead Jazz at its best. Ihre neue CD stellt sie hier vor.{:}","robots":{"index":"index","follow":"follow","max-snippet":"max-snippet:-1","max-image-preview":"max-image-preview:large","max-video-preview":"max-video-preview:-1"},"canonical":"https:\/\/www.jazzminonline.de\/cds\/","og_locale":"en_US","og_type":"article","og_title":"[:de]Jasmin Bayer - CDs[:]","og_description":"{:de}Jasmin Bayer: Die Jazz-S\u00e4ngerin, Komponistin und Sontexterin aus M\u00fcnchen zelebriert Straight Ahead Jazz at its best. Ihre neue CD stellt sie hier vor.{:}","og_url":"https:\/\/www.jazzminonline.de\/cds\/","og_site_name":"Jasmin Bayer","article_modified_time":"2024-10-23T20:10:47+00:00","twitter_card":"summary_large_image","twitter_misc":{"Est. reading time":"5 minutes"},"schema":{"@context":"https:\/\/schema.org","@graph":[{"@type":"WebPage","@id":"https:\/\/www.jazzminonline.de\/cds\/","url":"https:\/\/www.jazzminonline.de\/cds\/","name":"[:de]Jasmin Bayer - CDs[:]","isPartOf":{"@id":"https:\/\/www.jazzminonline.de\/en\/#website"},"primaryImageOfPage":{"@id":"https:\/\/www.jazzminonline.de\/cds\/#primaryimage"},"image":{"@id":"https:\/\/www.jazzminonline.de\/cds\/#primaryimage"},"thumbnailUrl":"https:\/\/www.jazzminonline.de\/wp-content\/uploads\/2024\/10\/Cover-Jasmin-Bayer-Highres-scaled.jpg","datePublished":"2016-08-16T20:24:19+00:00","dateModified":"2024-10-23T20:10:47+00:00","description":"{:de}Jasmin Bayer: Die Jazz-S\u00e4ngerin, Komponistin und Sontexterin aus M\u00fcnchen zelebriert Straight Ahead Jazz at its best. Ihre neue CD stellt sie hier vor.{:}","breadcrumb":{"@id":"https:\/\/www.jazzminonline.de\/cds\/#breadcrumb"},"inLanguage":"en-US","potentialAction":[{"@type":"ReadAction","target":["https:\/\/www.jazzminonline.de\/cds\/"]}]},{"@type":"ImageObject","inLanguage":"en-US","@id":"https:\/\/www.jazzminonline.de\/cds\/#primaryimage","url":"https:\/\/www.jazzminonline.de\/wp-content\/uploads\/2024\/10\/Cover-Jasmin-Bayer-Highres-scaled.jpg","contentUrl":"https:\/\/www.jazzminonline.de\/wp-content\/uploads\/2024\/10\/Cover-Jasmin-Bayer-Highres-scaled.jpg"},{"@type":"BreadcrumbList","@id":"https:\/\/www.jazzminonline.de\/cds\/#breadcrumb","itemListElement":[{"@type":"ListItem","position":1,"name":"Startseite","item":"https:\/\/www.jazzminonline.de\/en\/"},{"@type":"ListItem","position":2,"name":"CDs"}]},{"@type":"WebSite","@id":"https:\/\/www.jazzminonline.de\/en\/#website","url":"https:\/\/www.jazzminonline.de\/en\/","name":"Jasmin Bayer","description":"","potentialAction":[{"@type":"SearchAction","target":{"@type":"EntryPoint","urlTemplate":"https:\/\/www.jazzminonline.de\/en\/?s={search_term_string}"},"query-input":{"@type":"PropertyValueSpecification","valueRequired":true,"valueName":"search_term_string"}}],"inLanguage":"en-US"}]}},"jetpack_sharing_enabled":true,"_links":{"self":[{"href":"https:\/\/www.jazzminonline.de\/en\/wp-json\/wp\/v2\/pages\/1899","targetHints":{"allow":["GET"]}}],"collection":[{"href":"https:\/\/www.jazzminonline.de\/en\/wp-json\/wp\/v2\/pages"}],"about":[{"href":"https:\/\/www.jazzminonline.de\/en\/wp-json\/wp\/v2\/types\/page"}],"author":[{"embeddable":true,"href":"https:\/\/www.jazzminonline.de\/en\/wp-json\/wp\/v2\/users\/4"}],"replies":[{"embeddable":true,"href":"https:\/\/www.jazzminonline.de\/en\/wp-json\/wp\/v2\/comments?post=1899"}],"version-history":[{"count":185,"href":"https:\/\/www.jazzminonline.de\/en\/wp-json\/wp\/v2\/pages\/1899\/revisions"}],"predecessor-version":[{"id":5174,"href":"https:\/\/www.jazzminonline.de\/en\/wp-json\/wp\/v2\/pages\/1899\/revisions\/5174"}],"wp:attachment":[{"href":"https:\/\/www.jazzminonline.de\/en\/wp-json\/wp\/v2\/media?parent=1899"}],"curies":[{"name":"wp","href":"https:\/\/api.w.org\/{rel}","templated":true}]}}